{"id":629,"date":"2025-07-24T23:33:32","date_gmt":"2025-07-24T23:33:32","guid":{"rendered":"https:\/\/reisereisassociados.com.br\/novo\/?page_id=629"},"modified":"2026-04-03T23:06:54","modified_gmt":"2026-04-03T23:06:54","slug":"imoveis-reis-reis","status":"publish","type":"page","link":"https:\/\/reisereisassociados.com.br\/site\/?page_id=629","title":{"rendered":"imoveis reis &#038; reis"},"content":{"rendered":"\t\t<div data-elementor-type=\"wp-page\" data-elementor-id=\"629\" class=\"elementor elementor-629\" data-elementor-post-type=\"page\">\n\t\t\t\t<div class=\"elementor-element elementor-element-d706e14 e-flex e-con-boxed e-con e-parent\" data-id=\"d706e14\" data-element_type=\"container\" data-e-type=\"container\" data-settings=\"{&quot;background_background&quot;:&quot;classic&quot;}\">\n\t\t\t\t\t<div class=\"e-con-inner\">\n\t\t\t\t<div class=\"elementor-element elementor-element-0e1a509 elementor-widget elementor-widget-heading\" data-id=\"0e1a509\" data-element_type=\"widget\" data-e-type=\"widget\" data-widget_type=\"heading.default\">\n\t\t\t\t\t<h2 class=\"elementor-heading-title elementor-size-default\">O im\u00f3vel ideal para os seus sonhos<\/h2>\t\t\t\t<\/div>\n\t\t\t\t\t<\/div>\n\t\t\t\t<\/div>\n\t\t<div class=\"elementor-element elementor-element-021954d elementor-hidden-mobile e-flex e-con-boxed e-con e-parent\" data-id=\"021954d\" data-element_type=\"container\" data-e-type=\"container\" data-settings=\"{&quot;background_background&quot;:&quot;classic&quot;}\">\n\t\t\t\t\t<div class=\"e-con-inner\">\n\t\t\t\t<div class=\"elementor-element elementor-element-733767d jet-smart-filter-group-position-line elementor-widget__width-initial jet-smart-filter-content-position-column elementor-widget elementor-widget-jet-smart-filters-select\" data-id=\"733767d\" data-element_type=\"widget\" data-e-type=\"widget\" data-widget_type=\"jet-smart-filters-select.default\">\n\t\t\t\t<div class=\"elementor-widget-container\">\n\t\t\t\t\t<div class=\"jet-smart-filters-hierarchy jet-filter \" data-indexer-rule=\"show\" data-show-counter=\"\" data-change-counter=\"always\"><div class=\"jet-filters-group\">\n<div class=\"jet-select\" data-query-type=\"tax_query\" data-query-var=\"finalidade_imovel\" data-smart-filter=\"select\" data-filter-id=\"826\" data-apply-type=\"ajax\" data-content-provider=\"jet-engine\" data-additional-providers=\"\" data-query-id=\"default\" data-active-label=\"Finalidade\" data-layout-options=\"{&quot;show_label&quot;:true,&quot;display_options&quot;:{&quot;show_items_label&quot;:false,&quot;show_decorator&quot;:false,&quot;filter_image_size&quot;:&quot;full&quot;,&quot;show_counter&quot;:false}}\" data-query-var-suffix=\"\" data-apply-on=\"value\" data-hierarchical=\"1\">\n\t<div class=\"jet-filter-label\">Finalidade<\/div>\n\t\t\t<select\n\t\t\tclass=\"jet-select__control depth-0\"\n\t\t\tname=\"finalidade_imovel\"\n\t\t\t\t\t\taria-label=\"Finalidade\"\n\t\t>\n\t\t\t\t\t\t\t<option value=\"\">\n\t\t\t\t\tSelecionar...\t\t\t\t<\/option>\n\t\t\t\t\t\t\t\t\t\t<option\n\t\t\t\t\tvalue=\"31\"\n\t\t\t\t\tdata-label=\"Aluguel\"\n\t\t\t\t\tdata-counter-prefix=\"\"\n\t\t\t\t\tdata-counter-suffix=\"\"\n\t\t\t\t\t\t\t\t\t\t\t\t\t\t>\n\t\t\t\t\tAluguel\t\t\t\t<\/option>\n\t\t\t\t\t\t\t\t<option\n\t\t\t\t\tvalue=\"11\"\n\t\t\t\t\tdata-label=\"Venda\"\n\t\t\t\t\tdata-counter-prefix=\"\"\n\t\t\t\t\tdata-counter-suffix=\"\"\n\t\t\t\t\t\t\t\t\t\t\t\t\t\t>\n\t\t\t\t\tVenda\t\t\t\t<\/option>\n\t\t\t\t\t\t<\/select>\n\t<\/div><div class=\"jet-select\" data-query-type=\"tax_query\" data-query-var=\"tipo_imovel\" data-smart-filter=\"select\" data-filter-id=\"826\" data-apply-type=\"ajax\" data-content-provider=\"jet-engine\" data-additional-providers=\"\" data-query-id=\"default\" data-active-label=\"Finalidade\" data-layout-options=\"{&quot;show_label&quot;:true,&quot;display_options&quot;:{&quot;show_items_label&quot;:false,&quot;show_decorator&quot;:false,&quot;filter_image_size&quot;:&quot;full&quot;,&quot;show_counter&quot;:false}}\" data-query-var-suffix=\"\" data-apply-on=\"value\" data-hierarchical=\"1\">\n\t<div class=\"jet-filter-label\">Tipo de im\u00f3vel<\/div>\n\t\t\t<select\n\t\t\tclass=\"jet-select__control depth-1\"\n\t\t\tname=\"tipo_imovel\"\n\t\t\t\t\t\taria-label=\"Tipo de im\u00f3vel\"\n\t\t>\n\t\t\t\t\t\t\t<option value=\"\">\n\t\t\t\t\tSelecionar...\t\t\t\t<\/option>\n\t\t\t\t\t\t\t\t<\/select>\n\t<\/div><\/div>\n<\/div>\t\t\t\t<\/div>\n\t\t\t\t<\/div>\n\t\t\t\t<div class=\"elementor-element elementor-element-8e99397 elementor-widget__width-initial jet-smart-filter-content-position-column jet-smart-filter-group-position-column elementor-widget elementor-widget-jet-smart-filters-select\" data-id=\"8e99397\" data-element_type=\"widget\" data-e-type=\"widget\" data-widget_type=\"jet-smart-filters-select.default\">\n\t\t\t\t<div class=\"elementor-widget-container\">\n\t\t\t\t\t<div class=\"jet-smart-filters-select jet-filter \" data-indexer-rule=\"show\" data-show-counter=\"\" data-change-counter=\"always\"><div class=\"jet-filter-label\">Bairro<\/div>\n<div class=\"jet-select\" data-query-type=\"tax_query\" data-query-var=\"bairros_imovel\" data-smart-filter=\"select\" data-filter-id=\"827\" data-apply-type=\"ajax\" data-content-provider=\"jet-engine\" data-additional-providers=\"\" data-query-id=\"default\" data-active-label=\"\" data-layout-options=\"{&quot;show_label&quot;:true,&quot;display_options&quot;:{&quot;show_items_label&quot;:false,&quot;show_decorator&quot;:false,&quot;filter_image_size&quot;:&quot;full&quot;,&quot;show_counter&quot;:false}}\" data-query-var-suffix=\"\" data-apply-on=\"value\">\n\t\t\t\t<select\n\t\t\tclass=\"jet-select__control\"\n\t\t\tname=\"bairros_imovel\"\n\t\t\t\t\t\taria-label=\"Bairro\"\n\t\t>\n\t\t\t\t\t\t\t\t\t\t<option\n\t\t\t\t\tvalue=\"\"\n\t\t\t\t\tdata-label=\"Selecionar\"\n\t\t\t\t\tdata-counter-prefix=\"\"\n\t\t\t\t\tdata-counter-suffix=\"\"\n\t\t\t\t\t\t\t\t\t\t\t\t\t\t>\n\t\t\t\t\tSelecionar\t\t\t\t<\/option>\n\t\t\t\t\t\t\t\t<option\n\t\t\t\t\tvalue=\"42\"\n\t\t\t\t\tdata-label=\"Aeroporto\"\n\t\t\t\t\tdata-counter-prefix=\"\"\n\t\t\t\t\tdata-counter-suffix=\"\"\n\t\t\t\t\t\t\t\t\t\t\t\t\t\t>\n\t\t\t\t\tAeroporto\t\t\t\t<\/option>\n\t\t\t\t\t\t\t\t<option\n\t\t\t\t\tvalue=\"38\"\n\t\t\t\t\tdata-label=\"Bandeirantes\"\n\t\t\t\t\tdata-counter-prefix=\"\"\n\t\t\t\t\tdata-counter-suffix=\"\"\n\t\t\t\t\t\t\t\t\t\t\t\t\t\t>\n\t\t\t\t\tBandeirantes\t\t\t\t<\/option>\n\t\t\t\t\t\t\t\t<option\n\t\t\t\t\tvalue=\"29\"\n\t\t\t\t\tdata-label=\"Cascatinha\"\n\t\t\t\t\tdata-counter-prefix=\"\"\n\t\t\t\t\tdata-counter-suffix=\"\"\n\t\t\t\t\t\t\t\t\t\t\t\t\t\t>\n\t\t\t\t\tCascatinha\t\t\t\t<\/option>\n\t\t\t\t\t\t\t\t<option\n\t\t\t\t\tvalue=\"22\"\n\t\t\t\t\tdata-label=\"Centro\"\n\t\t\t\t\tdata-counter-prefix=\"\"\n\t\t\t\t\tdata-counter-suffix=\"\"\n\t\t\t\t\t\t\t\t\t\t\t\t\t\t>\n\t\t\t\t\tCentro\t\t\t\t<\/option>\n\t\t\t\t\t\t\t\t<option\n\t\t\t\t\tvalue=\"41\"\n\t\t\t\t\tdata-label=\"Industrial\"\n\t\t\t\t\tdata-counter-prefix=\"\"\n\t\t\t\t\tdata-counter-suffix=\"\"\n\t\t\t\t\t\t\t\t\t\t\t\t\t\t>\n\t\t\t\t\tIndustrial\t\t\t\t<\/option>\n\t\t\t\t\t\t\t\t<option\n\t\t\t\t\tvalue=\"39\"\n\t\t\t\t\tdata-label=\"Passos\"\n\t\t\t\t\tdata-counter-prefix=\"\"\n\t\t\t\t\tdata-counter-suffix=\"\"\n\t\t\t\t\t\t\t\t\t\t\t\t\t\t>\n\t\t\t\t\tPassos\t\t\t\t<\/option>\n\t\t\t\t\t\t\t\t<option\n\t\t\t\t\tvalue=\"25\"\n\t\t\t\t\tdata-label=\"S\u00e3o Mateus\"\n\t\t\t\t\tdata-counter-prefix=\"\"\n\t\t\t\t\tdata-counter-suffix=\"\"\n\t\t\t\t\t\t\t\t\t\t\t\t\t\t>\n\t\t\t\t\tS\u00e3o Mateus\t\t\t\t<\/option>\n\t\t\t\t\t\t<\/select>\n\t<\/div><\/div>\t\t\t\t<\/div>\n\t\t\t\t<\/div>\n\t\t\t\t<div class=\"elementor-element elementor-element-23783e1 elementor-widget__width-initial jet-smart-filter-content-position-column jet-smart-filter-group-position-column elementor-widget elementor-widget-jet-smart-filters-select\" data-id=\"23783e1\" data-element_type=\"widget\" data-e-type=\"widget\" data-widget_type=\"jet-smart-filters-select.default\">\n\t\t\t\t<div class=\"elementor-widget-container\">\n\t\t\t\t\t<div class=\"jet-smart-filters-select jet-filter \" data-indexer-rule=\"show\" data-show-counter=\"\" data-change-counter=\"always\"><div class=\"jet-filter-label\">Quartos<\/div>\n<div class=\"jet-select\" data-query-type=\"meta_query\" data-query-var=\"quartos_imovel\" data-smart-filter=\"select\" data-filter-id=\"828\" data-apply-type=\"ajax\" data-content-provider=\"jet-engine\" data-additional-providers=\"\" data-query-id=\"default\" data-active-label=\"\" data-layout-options=\"{&quot;show_label&quot;:true,&quot;display_options&quot;:{&quot;show_items_label&quot;:false,&quot;show_decorator&quot;:false,&quot;filter_image_size&quot;:&quot;full&quot;,&quot;show_counter&quot;:false}}\" data-query-var-suffix=\"compare-exists\" data-apply-on=\"value\">\n\t\t\t\t<select\n\t\t\tclass=\"jet-select__control\"\n\t\t\tname=\"quartos_imovel\"\n\t\t\t\t\t\taria-label=\"Quartos\"\n\t\t>\n\t\t\t\t\t\t\t\t\t\t<option\n\t\t\t\t\tvalue=\"\"\n\t\t\t\t\tdata-label=\"Selecionar ...\"\n\t\t\t\t\tdata-counter-prefix=\"\"\n\t\t\t\t\tdata-counter-suffix=\"\"\n\t\t\t\t\t\t\t\t\t\t\t\t\t\t>\n\t\t\t\t\tSelecionar ...\t\t\t\t<\/option>\n\t\t\t\t\t\t\t\t<option\n\t\t\t\t\tvalue=\"0\"\n\t\t\t\t\tdata-label=\"nenhum\"\n\t\t\t\t\tdata-counter-prefix=\"\"\n\t\t\t\t\tdata-counter-suffix=\"\"\n\t\t\t\t\t\t\t\t\t\t\t\t\t\t>\n\t\t\t\t\tnenhum\t\t\t\t<\/option>\n\t\t\t\t\t\t\t\t<option\n\t\t\t\t\tvalue=\"1\"\n\t\t\t\t\tdata-label=\"1\"\n\t\t\t\t\tdata-counter-prefix=\"\"\n\t\t\t\t\tdata-counter-suffix=\"\"\n\t\t\t\t\t\t\t\t\t\t\t\t\t\t>\n\t\t\t\t\t1\t\t\t\t<\/option>\n\t\t\t\t\t\t\t\t<option\n\t\t\t\t\tvalue=\"2\"\n\t\t\t\t\tdata-label=\"2\"\n\t\t\t\t\tdata-counter-prefix=\"\"\n\t\t\t\t\tdata-counter-suffix=\"\"\n\t\t\t\t\t\t\t\t\t\t\t\t\t\t>\n\t\t\t\t\t2\t\t\t\t<\/option>\n\t\t\t\t\t\t\t\t<option\n\t\t\t\t\tvalue=\"3\"\n\t\t\t\t\tdata-label=\"3\"\n\t\t\t\t\tdata-counter-prefix=\"\"\n\t\t\t\t\tdata-counter-suffix=\"\"\n\t\t\t\t\t\t\t\t\t\t\t\t\t\t>\n\t\t\t\t\t3\t\t\t\t<\/option>\n\t\t\t\t\t\t\t\t<option\n\t\t\t\t\tvalue=\"4\"\n\t\t\t\t\tdata-label=\"4\"\n\t\t\t\t\tdata-counter-prefix=\"\"\n\t\t\t\t\tdata-counter-suffix=\"\"\n\t\t\t\t\t\t\t\t\t\t\t\t\t\t>\n\t\t\t\t\t4\t\t\t\t<\/option>\n\t\t\t\t\t\t\t\t<option\n\t\t\t\t\tvalue=\"5\"\n\t\t\t\t\tdata-label=\"5\"\n\t\t\t\t\tdata-counter-prefix=\"\"\n\t\t\t\t\tdata-counter-suffix=\"\"\n\t\t\t\t\t\t\t\t\t\t\t\t\t\t>\n\t\t\t\t\t5\t\t\t\t<\/option>\n\t\t\t\t\t\t\t\t<option\n\t\t\t\t\tvalue=\"6\"\n\t\t\t\t\tdata-label=\"6\"\n\t\t\t\t\tdata-counter-prefix=\"\"\n\t\t\t\t\tdata-counter-suffix=\"\"\n\t\t\t\t\t\t\t\t\t\t\t\t\t\t>\n\t\t\t\t\t6\t\t\t\t<\/option>\n\t\t\t\t\t\t\t\t<option\n\t\t\t\t\tvalue=\"7\"\n\t\t\t\t\tdata-label=\"7\"\n\t\t\t\t\tdata-counter-prefix=\"\"\n\t\t\t\t\tdata-counter-suffix=\"\"\n\t\t\t\t\t\t\t\t\t\t\t\t\t\t>\n\t\t\t\t\t7\t\t\t\t<\/option>\n\t\t\t\t\t\t<\/select>\n\t<\/div><\/div>\t\t\t\t<\/div>\n\t\t\t\t<\/div>\n\t\t\t\t<div class=\"elementor-element elementor-element-6213bc8 jet-smart-filter-group-position-column elementor-widget__width-initial elementor-widget elementor-widget-jet-smart-filters-range\" data-id=\"6213bc8\" data-element_type=\"widget\" data-e-type=\"widget\" data-widget_type=\"jet-smart-filters-range.default\">\n\t\t\t\t<div class=\"elementor-widget-container\">\n\t\t\t\t\t<div class=\"jet-smart-filters-range jet-filter \" data-indexer-rule=\"show\" data-show-counter=\"\" data-change-counter=\"always\"><div class=\"jet-filter-label\">Pre\u00e7o<\/div>\n<div class=\"jet-range\" data-query-type=\"meta_query\" data-query-var=\"preco_imovel\" data-smart-filter=\"range\" data-filter-id=\"829\" data-apply-type=\"ajax\" data-content-provider=\"jet-engine\" data-additional-providers=\"\" data-query-id=\"default\" data-active-label=\"\" data-layout-options=\"{&quot;show_label&quot;:true,&quot;display_options&quot;:{&quot;show_items_label&quot;:false,&quot;show_decorator&quot;:false,&quot;filter_image_size&quot;:&quot;full&quot;,&quot;show_counter&quot;:false}}\" data-query-var-suffix=\"range\" data-apply-on=\"value\" data-format=\"{&quot;decimal_num&quot;:2,&quot;decimal_sep&quot;:&quot;,&quot;,&quot;thousands_sep&quot;:&quot;.&quot;}\">\n\t<fieldset class=\"jet-range__slider\">\n\t\t<legend style=\"display:none;\">\n\t\t\tPre\u00e7o - slider\t\t<\/legend>\n\t\t<div class=\"jet-range__slider__track\">\n\t\t\t<div class=\"jet-range__slider__track__range\"><\/div>\n\t\t<\/div>\n\t\t<input\n\t\t\ttype=\"range\"\n\t\t\tclass=\"jet-range__slider__input jet-range__slider__input--min\"\n\t\t\tstep=\"100\"\n\t\t\tmin=\"950\"\n\t\t\tmax=\"455050\"\n\t\t\tvalue=\"950\"\n\t\t\taria-label=\"Minimal value\"\n\t\t\t\t\t\/>\n\n\t\t<input\n\t\t\ttype=\"range\"\n\t\t\tclass=\"jet-range__slider__input jet-range__slider__input--max\"\n\t\t\tstep=\"100\"\n\t\t\tmin=\"950\"\n\t\t\tmax=\"455050\"\n\t\t\tvalue=\"455050\"\n\t\t\taria-label=\"Maximum value\"\n\t\t\t\t\t\/>\n\t<\/fieldset>\n\t\t\t<div class=\"jet-range__values\">\n\t\t\t<span class=\"jet-range__values-prefix\">R$ <\/span>\n\t\t\t<span class=\"jet-range__values-min\">\n\t\t\t\t950,00\t\t\t<\/span>\n\t\t\t<span class=\"jet-range__values-suffix\"><\/span>\n\t\t\t\u2014\n\t\t\t<span class=\"jet-range__values-prefix\">R$ <\/span>\n\t\t\t<span class=\"jet-range__values-max\">\n\t\t\t\t455.050,00\t\t\t<\/span>\n\t\t\t<span class=\"jet-range__values-suffix\"><\/span>\n\t\t<\/div>\n\t<\/div>\n<\/div>\t\t\t\t<\/div>\n\t\t\t\t<\/div>\n\t\t\t\t<div class=\"elementor-element elementor-element-5edb323 jet-smart-filter-content-position-column elementor-widget__width-initial elementor-widget elementor-widget-jet-smart-filters-search\" data-id=\"5edb323\" data-element_type=\"widget\" data-e-type=\"widget\" data-widget_type=\"jet-smart-filters-search.default\">\n\t\t\t\t<div class=\"elementor-widget-container\">\n\t\t\t\t\t<div class=\"jet-smart-filters-search jet-filter\"><div class=\"jet-filter-label\">C\u00f3digo do im\u00f3vel<\/div>\n\n<div\n\tclass=\"jet-search-filter\"\n\tdata-query-type=\"meta_query\" data-query-var=\"codigo_imovel\" data-smart-filter=\"search\" data-filter-id=\"830\" data-apply-type=\"ajax-ontyping\" data-content-provider=\"\" data-additional-providers=\"\" data-query-id=\"default\" data-active-label=\"\" data-layout-options=\"{&quot;show_label&quot;:&quot;&quot;,&quot;display_options&quot;:[]}\" data-query-var-suffix=\"search\" data-min-letters-count=\"3\">\n\t<div class=\"jet-search-filter__input-wrapper\">\n\t\t<input\n\t\t\tclass=\"jet-search-filter__input\"\n\t\t\ttype=\"search\"\n\t\t\tautocomplete=\"off\"\n\t\t\tname=\"codigo_imovel\"\n\t\t\tvalue=\"\"\n\t\t\tplaceholder=\"Insira o c\u00f3digo\"\n\t\t\taria-label=\"C\u00f3digo do im\u00f3vel\"\n\t\t\t\t\t>\n\t\t\t\t\t<div class=\"jet-search-filter__input-clear\">\n\t\t\t\t<svg width=\"22\" height=\"28\" viewBox=\"0 0 22 28\" xmlns=\"http:\/\/www.w3.org\/2000\/svg\">\n\t<path d=\"M20.281 20.656c0 0.391-0.156 0.781-0.438 1.062l-2.125 2.125c-0.281 0.281-0.672 0.438-1.062 0.438s-0.781-0.156-1.062-0.438l-4.594-4.594-4.594 4.594c-0.281 0.281-0.672 0.438-1.062 0.438s-0.781-0.156-1.062-0.438l-2.125-2.125c-0.281-0.281-0.438-0.672-0.438-1.062s0.156-0.781 0.438-1.062l4.594-4.594-4.594-4.594c-0.281-0.281-0.438-0.672-0.438-1.062s0.156-0.781 0.438-1.062l2.125-2.125c0.281-0.281 0.672-0.438 1.062-0.438s0.781 0.156 1.062 0.438l4.594 4.594 4.594-4.594c0.281-0.281 0.672-0.438 1.062-0.438s0.781 0.156 1.062 0.438l2.125 2.125c0.281 0.281 0.438 0.672 0.438 1.062s-0.156 0.781-0.438 1.062l-4.594 4.594 4.594 4.594c0.281 0.281 0.438 0.672 0.438 1.062z\"><\/path>\n<\/svg>\n\t\t\t<\/div>\n\t\t\t<div class=\"jet-search-filter__input-loading\"><\/div>\n\t\t\t<\/div>\n\n\t<\/div>\n<\/div>\t\t\t\t<\/div>\n\t\t\t\t<\/div>\n\t\t\t\t<div class=\"elementor-element elementor-element-15ad5fd elementor-widget__width-initial elementor-widget elementor-widget-jet-smart-filters-apply-button\" data-id=\"15ad5fd\" data-element_type=\"widget\" data-e-type=\"widget\" data-widget_type=\"jet-smart-filters-apply-button.default\">\n\t\t\t\t<div class=\"elementor-widget-container\">\n\t\t\t\t\t<div class=\"jet-smart-filters-apply-button jet-filter\"><div class=\"apply-filters\"\n\t  data-content-provider=\"jet-engine\" data-query-id=\"default\" data-additional-providers=\"\" data-apply-type=\"ajax\" data-redirect=\"\">\n\t<button\n\t\ttype=\"button\"\n\t\tclass=\"apply-filters__button\"\n\t\t\t\t\t>\n\t\tPesquisar\t<\/button>\n<\/div><\/div>\t\t\t\t<\/div>\n\t\t\t\t<\/div>\n\t\t\t\t<div class=\"elementor-element elementor-element-8e7e23e elementor-widget__width-initial elementor-widget elementor-widget-jet-smart-filters-remove-filters hide-widget\" data-id=\"8e7e23e\" data-element_type=\"widget\" data-e-type=\"widget\" data-widget_type=\"jet-smart-filters-remove-filters.default\">\n\t\t\t\t<div class=\"elementor-widget-container\">\n\t\t\t\t\t<div class=\"jet-smart-filters-remove-filters jet-filter\"><div class=\"jet-remove-all-filters hide\">\n\t<button\n\t\ttype=\"button\"\n\t\tclass=\"jet-remove-all-filters__button\"\n\t\tdata-content-provider=\"jet-engine\"\n\t\tdata-additional-providers=\"\"\n\t\tdata-apply-type=\"ajax\"\n\t\tdata-query-id=\"default\"\n\t\t\t>\n\t\tLimpar filtros\t<\/button>\n<\/div><\/div>\t\t\t\t<\/div>\n\t\t\t\t<\/div>\n\t\t\t\t\t<\/div>\n\t\t\t\t<\/div>\n\t\t<div class=\"elementor-element elementor-element-029e715 elementor-hidden-mobile e-flex e-con-boxed e-con e-parent\" data-id=\"029e715\" data-element_type=\"container\" data-e-type=\"container\">\n\t\t\t\t\t<div class=\"e-con-inner\">\n\t\t\t\t<div class=\"elementor-element elementor-element-a5dbcc2 elementor-hidden-mobile elementor-widget elementor-widget-jet-listing-grid\" data-id=\"a5dbcc2\" data-element_type=\"widget\" data-e-type=\"widget\" data-settings=\"{&quot;columns&quot;:&quot;4&quot;}\" data-widget_type=\"jet-listing-grid.default\">\n\t\t\t\t\t<div class=\"jet-listing-grid jet-listing-grid--lazy-load jet-listing jet-listing-grid-loading\" data-lazy-load=\"{&quot;offset&quot;:&quot;0px&quot;,&quot;post_id&quot;:629,&quot;queried_id&quot;:&quot;629|WP_Post&quot;}\"><div class=\"jet-listing-grid__loader\"><div class=\"jet-listing-grid__loader-spinner\"><\/div><\/div><\/div>\t\t\t\t<\/div>\n\t\t\t\t\t<\/div>\n\t\t\t\t<\/div>\n\t\t<div class=\"elementor-element elementor-element-6c05e89 elementor-hidden-desktop elementor-hidden-tablet e-flex e-con-boxed e-con e-parent\" data-id=\"6c05e89\" data-element_type=\"container\" data-e-type=\"container\">\n\t\t\t\t\t<div class=\"e-con-inner\">\n\t\t\t\t<div class=\"elementor-element elementor-element-cf25e38 elementor-hidden-desktop elementor-hidden-tablet elementor-widget elementor-widget-jet-listing-grid\" data-id=\"cf25e38\" data-element_type=\"widget\" data-e-type=\"widget\" data-settings=\"{&quot;columns&quot;:&quot;4&quot;,&quot;columns_mobile&quot;:&quot;1&quot;}\" data-widget_type=\"jet-listing-grid.default\">\n\t\t\t\t\t<div class=\"jet-listing-grid jet-listing-grid--lazy-load jet-listing jet-listing-grid-loading\" data-lazy-load=\"{&quot;offset&quot;:&quot;0px&quot;,&quot;post_id&quot;:629,&quot;queried_id&quot;:&quot;629|WP_Post&quot;}\"><div class=\"jet-listing-grid__loader\"><div class=\"jet-listing-grid__loader-spinner\"><\/div><\/div><\/div>\t\t\t\t<\/div>\n\t\t\t\t\t<\/div>\n\t\t\t\t<\/div>\n\t\t\t\t<\/div>\n\t\t","protected":false},"excerpt":{"rendered":"<p>O im\u00f3vel ideal para os seus sonhos Finalidade Selecionar&#8230; Aluguel Venda Tipo de im\u00f3vel Selecionar&#8230; Bairro Selecionar Aeroporto Bandeirantes Cascatinha Centro Industrial Passos S\u00e3o Mateus Quartos Selecionar &#8230; nenhum 1 2 3 4 5 6 7 Pre\u00e7o Pre\u00e7o &#8211; slider R$ 950,00 \u2014 R$ 455.050,00 C\u00f3digo do im\u00f3vel Pesquisar Limpar filtros<\/p>\n","protected":false},"author":1,"featured_media":0,"parent":0,"menu_order":0,"comment_status":"closed","ping_status":"closed","template":"elementor_header_footer","meta":{"pagelayer_contact_templates":[],"_pagelayer_content":"","footnotes":""},"class_list":["post-629","page","type-page","status-publish","hentry"],"_links":{"self":[{"href":"https:\/\/reisereisassociados.com.br\/site\/index.php?rest_route=\/wp\/v2\/pages\/629","targetHints":{"allow":["GET"]}}],"collection":[{"href":"https:\/\/reisereisassociados.com.br\/site\/index.php?rest_route=\/wp\/v2\/pages"}],"about":[{"href":"https:\/\/reisereisassociados.com.br\/site\/index.php?rest_route=\/wp\/v2\/types\/page"}],"author":[{"embeddable":true,"href":"https:\/\/reisereisassociados.com.br\/site\/index.php?rest_route=\/wp\/v2\/users\/1"}],"replies":[{"embeddable":true,"href":"https:\/\/reisereisassociados.com.br\/site\/index.php?rest_route=%2Fwp%2Fv2%2Fcomments&post=629"}],"version-history":[{"count":120,"href":"https:\/\/reisereisassociados.com.br\/site\/index.php?rest_route=\/wp\/v2\/pages\/629\/revisions"}],"predecessor-version":[{"id":1693,"href":"https:\/\/reisereisassociados.com.br\/site\/index.php?rest_route=\/wp\/v2\/pages\/629\/revisions\/1693"}],"wp:attachment":[{"href":"https:\/\/reisereisassociados.com.br\/site\/index.php?rest_route=%2Fwp%2Fv2%2Fmedia&parent=629"}],"curies":[{"name":"wp","href":"https:\/\/api.w.org\/{rel}","templated":true}]}}